{"id":2856,"date":"2023-07-21T15:23:11","date_gmt":"2023-07-21T15:23:11","guid":{"rendered":"https:\/\/imsprofessionals.com\/?page_id=2856"},"modified":"2023-07-21T15:43:23","modified_gmt":"2023-07-21T15:43:23","slug":"case-studies","status":"publish","type":"page","link":"https:\/\/imsprofessionals.com\/es\/case-studies\/","title":{"rendered":"Estudios de caso"},"content":{"rendered":"<p><div class=\"fusion-fullwidth fullwidth-box fusion-builder-row-1 fusion-flex-container hundred-percent-fullwidth non-hundred-percent-height-scrolling\" style=\"--link_color: var(--awb-color8);--awb-background-position:center top;--awb-border-sizes-top:0px;--awb-border-sizes-bottom:0px;--awb-border-sizes-left:0px;--awb-border-sizes-right:0px;--awb-border-radius-top-left:0px;--awb-border-radius-top-right:0px;--awb-border-radius-bottom-right:0px;--awb-border-radius-bottom-left:0px;--awb-padding-top:65px;--awb-padding-right:33.1719px;--awb-padding-bottom:90px;--awb-padding-left:6vw;--awb-padding-top-medium:60px;--awb-padding-bottom-medium:60px;--awb-padding-top-small:30px;--awb-padding-right-small:30px;--awb-padding-bottom-small:30px;--awb-padding-left-small:30px;--awb-margin-top:0px;--awb-margin-bottom:0px;--awb-background-color:var(--awb-color3);--awb-flex-wrap:wrap;\" ><div class=\"fusion-builder-row fusion-row fusion-flex-align-items-flex-end fusion-flex-content-wrap\" style=\"width:104% !important;max-width:104% !important;margin-left: calc(-4% \/ 2 );margin-right: calc(-4% \/ 2 );\"><div class=\"fusion-layout-column fusion_builder_column fusion-builder-column-0 fusion_builder_column_1_1 1_1 fusion-flex-column\" style=\"--awb-bg-size:cover;--awb-width-large:100%;--awb-margin-top-large:0px;--awb-spacing-right-large:1.92%;--awb-margin-bottom-large:20px;--awb-spacing-left-large:1.92%;--awb-width-medium:100%;--awb-order-medium:0;--awb-spacing-right-medium:1.92%;--awb-spacing-left-medium:1.92%;--awb-width-small:100%;--awb-order-small:0;--awb-spacing-right-small:1.92%;--awb-spacing-left-small:1.92%;\"><div class=\"fusion-column-wrapper fusion-column-has-shadow fusion-flex-justify-content-flex-start fusion-content-layout-column\"><div class=\"fusion-text fusion-text-1\"><p style=\"text-align: justify; \">\u00a1Bienvenido a nuestra exhibici\u00f3n de estudios de casos: historias inspiradoras de innovaci\u00f3n y \u00e9xito!<\/p>\n<p style=\"text-align: justify; \">La innovaci\u00f3n no es solo una palabra de moda; es una fuerza transformadora que da forma a las industrias e impulsa el progreso. En nuestra secci\u00f3n de Casos pr\u00e1cticos, estamos encantados de presentar una colecci\u00f3n de historias de \u00e9xito de la vida real que ejemplifican el poder de la innovaci\u00f3n en acci\u00f3n.<\/p>\n<p style=\"text-align: justify; \"><b>\u00bfQu\u00e9 son los estudios de casos?<\/b><\/p>\n<p style=\"text-align: justify; \">Los estudios de casos son narraciones poderosas que destacan c\u00f3mo las organizaciones y las personas enfrentaron desaf\u00edos, identificaron oportunidades e implementaron soluciones innovadoras para lograr resultados notables. Estas historias sirven como valiosas herramientas de aprendizaje, brindando informaci\u00f3n sobre las estrategias, metodolog\u00edas y mejores pr\u00e1cticas que llevaron al \u00e9xito.<\/p>\n<p style=\"text-align: justify; \"><b>Descubre el Camino al \u00c9xito<\/b><\/p>\n<p style=\"text-align: justify; \">Dentro de nuestra Muestra de estudios de casos, encontrar\u00e1 un rico tapiz de diversas industrias, verticales y enfoques de innovaci\u00f3n. Sum\u00e9rgete en cautivadoras historias de avances tecnol\u00f3gicos, triunfos empresariales, iniciativas sostenibles y m\u00e1s. Cada estudio de caso se selecciona meticulosamente para ofrecerle un asiento de primera fila en el viaje de la innovaci\u00f3n.<\/p>\n<p style=\"text-align: justify; \"><b>\u00bfPor qu\u00e9 son importantes los estudios de casos?<\/b><\/p>\n<p style=\"text-align: justify; \">En el coraz\u00f3n de cada estudio de caso se encuentra una gran cantidad de conocimientos que esperan ser desentra\u00f1ados. Al profundizar en estas historias, obtendr\u00e1 inspiraci\u00f3n, aprender\u00e1 de las experiencias de otros y descubrir\u00e1 los secretos de la innovaci\u00f3n exitosa. Tanto si es un emprendedor que busca motivaci\u00f3n, un l\u00edder empresarial que lucha por crecer o una mente curiosa fascinada por las ideas innovadoras, nuestra secci\u00f3n de Casos pr\u00e1cticos tiene algo para usted.<\/p>\n<p style=\"text-align: justify; \"><b>Sea parte de la conversaci\u00f3n sobre innovaci\u00f3n<\/b><\/p>\n<p style=\"text-align: justify; \">A medida que explora nuestros estudios de casos, lo alentamos a que se involucre con el contenido. Comparta sus pensamientos, haga preguntas y con\u00e9ctese con otros visitantes que comparten su pasi\u00f3n por la innovaci\u00f3n. Juntos, celebremos los logros de estos pioneros visionarios y encendamos las llamas de la creatividad dentro de nosotros mismos.<\/p>\n<p style=\"text-align: justify; \"><b>\u00danase a nosotros en el viaje<\/b><\/p>\n<p style=\"text-align: justify; \">El viaje de la innovaci\u00f3n est\u00e1 lleno de emoci\u00f3n, desaf\u00edos y un sinf\u00edn de posibilidades. Lo invitamos a embarcarse en esta aventura con nosotros, descubriendo el arte y el ingenio que impulsan a las empresas y las personas hacia la grandeza.<\/p>\n<p style=\"text-align: justify; \">Bienvenido a nuestra Vitrina de estudios de casos, donde la innovaci\u00f3n cobra vida y se siembran las semillas del cambio. Prep\u00e1rese para ser inspirado, iluminado y empoderado, un estudio de caso a la vez. \u00a1Que comience la exploraci\u00f3n!<\/p>\n<\/div><\/div><\/div><div class=\"fusion-layout-column fusion_builder_column fusion-builder-column-1 fusion_builder_column_1_1 1_1 fusion-flex-column\" style=\"--awb-bg-size:cover;--awb-width-large:100%;--awb-margin-top-large:0px;--awb-spacing-right-large:1.92%;--awb-margin-bottom-large:0px;--awb-spacing-left-large:1.92%;--awb-width-medium:100%;--awb-order-medium:0;--awb-spacing-right-medium:1.92%;--awb-spacing-left-medium:1.92%;--awb-width-small:100%;--awb-order-small:0;--awb-spacing-right-small:3.84%;--awb-spacing-left-small:3.84%;\"><div class=\"fusion-column-wrapper fusion-column-has-shadow fusion-flex-justify-content-flex-start fusion-content-layout-column\"><div class=\"fusion-post-cards fusion-post-cards-1 fusion-delayed-animation fusion-grid-archive fusion-grid-columns-3\" style=\"--awb-column-spacing:12px;--awb-columns:3;--awb-row-spacing:12px;--awb-filters-alignment-medium:;--awb-filters-alignment-small:;\" data-post-type-label=\"portfolio\" data-animationtype=\"fadeInUp\" data-animationduration=\"1.3\" data-animationoffset=\"top-into-view\" data-animation-delay=\"0.5\"><div><ul class=\"fusion-filters\" role=\"menu\" aria-label=\"Post Filters\"><li role=\"presentation\" class=\"fusion-filter fusion-hidden fusion-active\"><a href=\"#\" data-filter=\".case\" role=\"menuitem\">Caso<\/a><\/li><\/ul><\/div><ul class=\"fusion-grid fusion-grid-3 fusion-flex-align-items-stretch fusion-grid-posts-cards\"><li class=\"fusion-layout-column fusion_builder_column fusion-builder-column-2 fusion-flex-column fusion-column-inner-bg-wrapper post-card fusion-grid-column fusion-post-cards-grid-column case fusion-animated\" style=\"--awb-padding-top:20vw;--awb-padding-right:10px;--awb-padding-bottom:10px;--awb-padding-left:10px;--awb-padding-top-small:160px;--awb-inner-bg-color:var(--awb-color8);--awb-inner-bg-color-hover:var(--awb-color8);--awb-inner-bg-image:linear-gradient(180deg, hsla(var(--awb-color7-h),var(--awb-color7-s),var(--awb-color7-l),calc(var(--awb-color7-a) - 75%)) 58%,hsla(var(--awb-color4-h),calc(var(--awb-color4-s) + 100%),calc(var(--awb-color4-l) - 29%),calc(var(--awb-color4-a) - 40%)) 100%);;--awb-inner-bg-position:center center;--awb-inner-bg-size:cover;--awb-transform:scaleX(1) scaleY(1);--awb-transform-hover:scaleX(1.03) scaleY(1.03);--awb-filter:saturate(100%) brightness(100%) contrast(100%);--awb-filter-transition:filter 0.3s ease;--awb-filter-hover:saturate(130%) brightness(105%) contrast(110%);--awb-flex-grow:0;--awb-flex-shrink:0;--awb-flex-grow-medium:0;--awb-flex-shrink-medium:0;--awb-flex-grow-small:0;--awb-flex-shrink-small:0;\"><span class=\"fusion-column-inner-bg hover-type-none\"><a class=\"fusion-column-anchor\" href=\"https:\/\/imsprofessionals.com\/es\/project-items\/the-four-types-of-innovation\/\"><span class=\"fusion-column-inner-bg-image lazyload\" data-bg=\"https:\/\/imsprofessionals.com\/wp-content\/uploads\/2023\/07\/innovation-820x450-1.jpg\" data-bg-gradient=\"linear-gradient(180deg, hsla(var(--awb-color7-h),var(--awb-color7-s),var(--awb-color7-l),calc(var(--awb-color7-a) - 75%)) 58%,hsla(var(--awb-color4-h),calc(var(--awb-color4-s) + 100%),calc(var(--awb-color4-l) - 29%),calc(var(--awb-color4-a) - 40%)) 100%)\"><\/span><\/a><\/span><div class=\"fusion-column-wrapper fusion-flex-justify-content-flex-start fusion-content-layout-column fusion-column-has-bg-image\" data-bg-url=\"https:\/\/imsprofessionals.com\/wp-content\/uploads\/2023\/07\/innovation-820x450-1.jpg\"><div class=\"fusion-builder-row fusion-builder-row-inner fusion-row fusion-flex-align-items-flex-end fusion-flex-content-wrap\" style=\"--awb-flex-grow:0;--awb-flex-grow-medium:0;--awb-flex-grow-small:0;--awb-flex-shrink:0;--awb-flex-shrink-medium:0;--awb-flex-shrink-small:0;width:104% !important;max-width:104% !important;margin-left: calc(-4% \/ 2 );margin-right: calc(-4% \/ 2 );\"><div class=\"fusion-layout-column fusion_builder_column_inner fusion-builder-nested-column-0 fusion_builder_column_inner_1_1 1_1 fusion-flex-column\" style=\"--awb-padding-top:30px;--awb-padding-right:30px;--awb-padding-bottom:30px;--awb-padding-left:30px;--awb-bg-color:var(--awb-color1);--awb-bg-color-hover:var(--awb-color1);--awb-bg-size:cover;--awb-width-large:100%;--awb-margin-top-large:0px;--awb-spacing-right-large:1.92%;--awb-margin-bottom-large:0px;--awb-spacing-left-large:1.92%;--awb-width-medium:100%;--awb-order-medium:0;--awb-spacing-right-medium:1.92%;--awb-spacing-left-medium:1.92%;--awb-width-small:100%;--awb-order-small:0;--awb-spacing-right-small:1.92%;--awb-spacing-left-small:1.92%;\"><div class=\"fusion-column-wrapper fusion-column-has-shadow fusion-flex-justify-content-flex-start fusion-content-layout-column\"><div class=\"fusion-title title fusion-title-1 fusion-sep-none fusion-title-center fusion-title-text fusion-title-size-five\" style=\"--awb-margin-bottom:5px;--awb-margin-top-small:0px;--awb-margin-right-small:0px;--awb-margin-bottom-small:0px;--awb-margin-left-small:0px;--awb-font-size:22px;\"><h5 class=\"fusion-title-heading title-heading-center\" style=\"margin:0;font-size:1em;\">LOS CUATRO TIPOS DE INNOVACI\u00d3N<\/h5><\/div><div class=\"fusion-title title fusion-title-2 fusion-sep-none fusion-title-center fusion-title-text fusion-title-size-div\" style=\"--awb-margin-top:0px;--awb-margin-bottom:0px;--awb-margin-top-small:0px;--awb-margin-right-small:0px;--awb-margin-bottom-small:0px;--awb-margin-left-small:0px;--awb-font-size:var(--awb-typography3-font-size);\"><div class=\"fusion-title-heading title-heading-center title-heading-tag\" style=\"font-family:var(--awb-typography3-font-family);font-weight:var(--awb-typography3-font-weight);font-style:var(--awb-typography3-font-style);margin:0;letter-spacing:var(--awb-typography3-letter-spacing);text-transform:var(--awb-typography3-text-transform);font-size:1em;line-height:var(--awb-typography3-line-height);\"><a href=\"https:\/\/imsprofessionals.com\/es\/portfolio_category\/case\/\" title=\"Caso\">Caso<\/a><\/div><\/div><\/div><\/div><\/div><\/div><\/li>\n<\/ul><\/div><\/div><\/div><\/div><\/div><div class=\"fusion-fullwidth fullwidth-box fusion-builder-row-2 fusion-flex-container nonhundred-percent-fullwidth non-hundred-percent-height-scrolling fusion-animated\" style=\"--awb-border-sizes-top:0px;--awb-border-sizes-bottom:0px;--awb-border-sizes-left:0px;--awb-border-sizes-right:0px;--awb-border-radius-top-left:0px;--awb-border-radius-top-right:0px;--awb-border-radius-bottom-right:0px;--awb-border-radius-bottom-left:0px;--awb-padding-top:100px;--awb-padding-right:30px;--awb-padding-bottom:100px;--awb-padding-left:30px;--awb-padding-top-medium:110px;--awb-padding-bottom-medium:100px;--awb-margin-top:0px;--awb-margin-bottom:0px;--awb-margin-bottom-medium:0px;--awb-background-color:var(--awb-color3);--awb-background-image:linear-gradient(166deg, var(--awb-color2) 48%,var(--awb-color3) 100%);--awb-flex-wrap:wrap;\" data-animationtype=\"fadeIn\" data-animationduration=\"0.3\" data-animationoffset=\"top-into-view\" ><div class=\"fusion-builder-row fusion-row fusion-flex-align-items-flex-start fusion-flex-justify-content-center fusion-flex-content-wrap\" style=\"max-width:calc( 1200px + 80px );margin-left: calc(-80px \/ 2 );margin-right: calc(-80px \/ 2 );\"><\/div><\/div><\/p>","protected":false},"excerpt":{"rendered":"","protected":false},"author":2,"featured_media":0,"parent":0,"menu_order":0,"comment_status":"closed","ping_status":"closed","template":"100-width.php","meta":{"_coblocks_attr":"","_coblocks_dimensions":"","_coblocks_responsive_height":"","_coblocks_accordion_ie_support":"","footnotes":""},"class_list":["post-2856","page","type-page","status-publish","hentry"],"_links":{"self":[{"href":"https:\/\/imsprofessionals.com\/es\/wp-json\/wp\/v2\/pages\/2856","targetHints":{"allow":["GET"]}}],"collection":[{"href":"https:\/\/imsprofessionals.com\/es\/wp-json\/wp\/v2\/pages"}],"about":[{"href":"https:\/\/imsprofessionals.com\/es\/wp-json\/wp\/v2\/types\/page"}],"author":[{"embeddable":true,"href":"https:\/\/imsprofessionals.com\/es\/wp-json\/wp\/v2\/users\/2"}],"replies":[{"embeddable":true,"href":"https:\/\/imsprofessionals.com\/es\/wp-json\/wp\/v2\/comments?post=2856"}],"version-history":[{"count":6,"href":"https:\/\/imsprofessionals.com\/es\/wp-json\/wp\/v2\/pages\/2856\/revisions"}],"predecessor-version":[{"id":2867,"href":"https:\/\/imsprofessionals.com\/es\/wp-json\/wp\/v2\/pages\/2856\/revisions\/2867"}],"wp:attachment":[{"href":"https:\/\/imsprofessionals.com\/es\/wp-json\/wp\/v2\/media?parent=2856"}],"curies":[{"name":"wp","href":"https:\/\/api.w.org\/{rel}","templated":true}]}}