{"id":2775,"date":"2023-07-21T06:12:59","date_gmt":"2023-07-21T06:12:59","guid":{"rendered":"https:\/\/imsprofessionals.com\/?page_id=2775"},"modified":"2023-07-21T06:18:31","modified_gmt":"2023-07-21T06:18:31","slug":"frack-voehl","status":"publish","type":"page","link":"https:\/\/imsprofessionals.com\/es\/frack-voehl\/","title":{"rendered":"frack-voehl"},"content":{"rendered":"<p><div id=\"about\" class=\"fusion-container-anchor\"><div class=\"fusion-fullwidth fullwidth-box fusion-builder-row-1 fusion-flex-container hundred-percent-fullwidth non-hundred-percent-height-scrolling\" style=\"--awb-background-position:left top;--awb-border-sizes-top:0px;--awb-border-sizes-bottom:0px;--awb-border-sizes-left:0px;--awb-border-sizes-right:0px;--awb-border-radius-top-left:0px;--awb-border-radius-top-right:0px;--awb-border-radius-bottom-right:0px;--awb-border-radius-bottom-left:0px;--awb-padding-top:0px;--awb-padding-right:0px;--awb-padding-bottom:0px;--awb-padding-left:0px;--awb-flex-wrap:wrap;\" ><div class=\"fusion-builder-row fusion-row fusion-flex-align-items-stretch fusion-flex-content-wrap\" style=\"width:calc( 100% + 0px ) !important;max-width:calc( 100% + 0px ) !important;margin-left: calc(-0px \/ 2 );margin-right: calc(-0px \/ 2 );\"><div class=\"fusion-layout-column fusion_builder_column fusion-builder-column-0 fusion_builder_column_3_5 3_5 fusion-flex-column\" style=\"--awb-padding-top:115px;--awb-padding-right:10%;--awb-padding-bottom:115px;--awb-padding-left:10%;--awb-bg-blend:overlay;--awb-bg-size:cover;--awb-width-large:60%;--awb-margin-top-large:0px;--awb-spacing-right-large:0px;--awb-margin-bottom-large:0px;--awb-spacing-left-large:0px;--awb-width-medium:60%;--awb-spacing-right-medium:0px;--awb-spacing-left-medium:0px;--awb-width-small:100%;--awb-spacing-right-small:0px;--awb-spacing-left-small:0px;\"><div class=\"fusion-column-wrapper fusion-flex-justify-content-flex-start fusion-content-layout-column\"><div class=\"fusion-title title fusion-title-1 fusion-sep-none fusion-title-text fusion-title-size-two\" style=\"--awb-margin-bottom:10px;--awb-margin-top-small:10px;--awb-margin-right-small:0px;--awb-margin-bottom-small:10px;--awb-margin-left-small:0px;\"><h2 class=\"fusion-title-heading title-heading-left\" style=\"margin:0;\"><span style=\"vertical-align: inherit;\"><span style=\"vertical-align: inherit;\">Acerca de<\/span><\/span><\/h2><\/div><div class=\"fusion-title title fusion-title-2 fusion-sep-none fusion-title-text fusion-title-size-six\" style=\"--awb-margin-top-small:10px;--awb-margin-right-small:0px;--awb-margin-bottom-small:10px;--awb-margin-left-small:0px;\"><h6 class=\"fusion-title-heading title-heading-left\" style=\"font-family:var(--awb-typography4-font-family);font-weight:var(--awb-typography4-font-weight);font-style:var(--awb-typography4-font-style);margin:0;letter-spacing:1px;\"><i>&#8220;<\/i>Innovar es crear el futuro hoy<i style=\"color: var(--awb-text-color); font-family: var(--awb-typography4-font-family); font-size: 1em; font-weight: var(--awb-typography4-font-weight); text-transform: var(--h6_typography-text-transform); background-color: var(--awb-bg-color-hover);\">&#8220;<\/i><\/h6><\/div><div class=\"fusion-text fusion-text-1\"><p style=\"color: var(--awb-text-color); font-family: var(--awb-text-font-family); font-size: var(--awb-font-size); font-style: var(--awb-text-font-style); font-weight: var(--awb-text-font-weight); letter-spacing: var(--awb-letter-spacing); text-transform: var(--awb-text-transform); background-color: var(--awb-bg-color-medium); text-align: justify;\">\n<ul>\n<li>\n<p style=\"color: var(--awb-text-color); font-family: var(--awb-text-font-family); font-size: var(--awb-font-size); font-style: var(--awb-text-font-style); font-weight: var(--awb-text-font-weight); letter-spacing: var(--awb-letter-spacing); text-transform: var(--awb-text-transform); background-color: var(--awb-bg-color-medium); text-align: justify; display: inline !important;\">Entrenador de innovaci\u00f3n y experto en la aplicaci\u00f3n de herramientas de mejora empresarial y m\u00e9todos de innovaci\u00f3n a organizaciones p\u00fablicas y privadas, incluidas operaciones de ciudades, condados, gobiernos comunitarios y organizaciones sin fines de lucro.<\/p>\n<\/li>\n<li>Instructor Grand Master Black Belt en Lean Six Sigma y Gesti\u00f3n del Desempe\u00f1o.<\/li>\n<li>Destacado autor y editor de series de m\u00e1s de 30 libros y cientos de art\u00edculos y documentos t\u00e9cnicos sobre gesti\u00f3n y mejora empresarial.<\/li>\n<li>Proporcion\u00f3 informaci\u00f3n sobre el dise\u00f1o original del Premio Nacional de Calidad Malcolm Baldrige y facilit\u00f3 su cruce a otras naciones y regiones, incluidas las Bahamas, Am\u00e9rica del Sur, Europa y la Rep\u00fablica Checa. <\/li>\n<\/ul>\n<ul>\n<\/ul>\n<\/div><div class=\"fusion-separator fusion-full-width-sep\" style=\"align-self: center;margin-left: auto;margin-right: auto;margin-top:40px;width:100%;\"><\/div><div style=\"text-align:left;\"><a class=\"fusion-button button-flat fusion-button-default-size button-default fusion-button-default button-1 fusion-button-default-span fusion-button-default-type next-button\" target=\"_self\" href=\"https:\/\/imsprofessionals.com\/es\/contact\/\"><i class=\"resume-chevron-down awb-button__icon awb-button__icon--default button-icon-left\" aria-hidden=\"true\"><\/i><span class=\"fusion-button-text awb-button__text awb-button__text--default\">Contacto<\/span><\/a><\/div><\/div><\/div><div class=\"fusion-layout-column fusion_builder_column fusion-builder-column-1 fusion_builder_column_2_5 2_5 fusion-flex-column\" style=\"--awb-bg-position:center center;--awb-bg-size:cover;--awb-width-large:40%;--awb-margin-top-large:0px;--awb-spacing-right-large:0px;--awb-margin-bottom-large:0px;--awb-spacing-left-large:0px;--awb-width-medium:40%;--awb-spacing-right-medium:0px;--awb-spacing-left-medium:0px;--awb-width-small:100%;--awb-spacing-right-small:0px;--awb-spacing-left-small:0px;\"><div class=\"fusion-column-wrapper lazyload fusion-flex-justify-content-flex-start fusion-content-layout-column fusion-empty-column-bg-image fusion-column-has-bg-image\" data-bg-url=\"https:\/\/imsprofessionals.com\/wp-content\/uploads\/2023\/06\/frank-1-1.jpg\" data-bg=\"https:\/\/imsprofessionals.com\/wp-content\/uploads\/2023\/06\/frank-1-1.jpg\"><img decoding=\"async\" class=\"fusion-empty-dims-img-placeholder fusion-no-large-visibility fusion-no-medium-visibility\" aria-label=\"franco (1) (1)\" src=\"data:image\/svg+xml,%3Csvg%20xmlns%3D%27http%3A%2F%2Fwww.w3.org%2F2000%2Fsvg%27%20width%3D%27750%27%20height%3D%27750%27%20viewBox%3D%270%200%20750%20750%27%3E%3Crect%20width%3D%27750%27%20height%3D%27750%27%20fill-opacity%3D%220%22%2F%3E%3C%2Fsvg%3E\"><\/div><\/div><\/div><\/div><\/div><div id=\"contact\" class=\"fusion-container-anchor\"><div class=\"fusion-fullwidth fullwidth-box fusion-builder-row-2 fusion-flex-container hundred-percent-fullwidth non-hundred-percent-height-scrolling\" style=\"--awb-background-position:left top;--awb-border-sizes-top:0px;--awb-border-sizes-bottom:0px;--awb-border-sizes-left:0px;--awb-border-sizes-right:0px;--awb-border-radius-top-left:0px;--awb-border-radius-top-right:0px;--awb-border-radius-bottom-right:0px;--awb-border-radius-bottom-left:0px;--awb-padding-top:0px;--awb-padding-right:0px;--awb-padding-bottom:0px;--awb-padding-left:0px;--awb-flex-wrap:wrap;\" ><div class=\"fusion-builder-row fusion-row fusion-flex-align-items-stretch fusion-flex-content-wrap\" style=\"width:calc( 100% + 0px ) !important;max-width:calc( 100% + 0px ) !important;margin-left: calc(-0px \/ 2 );margin-right: calc(-0px \/ 2 );\"><div class=\"fusion-layout-column fusion_builder_column fusion-builder-column-2 fusion_builder_column_2_5 2_5 fusion-flex-column\" style=\"--awb-bg-position:center top;--awb-bg-blend:overlay;--awb-bg-size:cover;--awb-width-large:40%;--awb-margin-top-large:0px;--awb-spacing-right-large:0px;--awb-margin-bottom-large:0px;--awb-spacing-left-large:0px;--awb-width-medium:40%;--awb-spacing-right-medium:0px;--awb-spacing-left-medium:0px;--awb-width-small:100%;--awb-spacing-right-small:0px;--awb-spacing-left-small:0px;\"><div class=\"fusion-column-wrapper lazyload fusion-flex-justify-content-flex-start fusion-content-layout-column fusion-column-has-bg-image\" data-bg-url=\"https:\/\/imsprofessionals.com\/wp-content\/uploads\/2023\/06\/frank-1-1.jpg\" data-bg=\"https:\/\/imsprofessionals.com\/wp-content\/uploads\/2023\/06\/frank-1-1.jpg\"><div class=\"fusion-separator fusion-full-width-sep\" style=\"align-self: center;margin-left: auto;margin-right: auto;margin-top:400px;width:100%;\"><\/div><\/div><\/div><div class=\"fusion-layout-column fusion_builder_column fusion-builder-column-3 fusion_builder_column_3_5 3_5 fusion-flex-column\" style=\"--awb-padding-top:115px;--awb-padding-right:10%;--awb-padding-bottom:115px;--awb-padding-left:10%;--awb-padding-top-small:100px;--awb-padding-bottom-small:100px;--awb-bg-blend:overlay;--awb-bg-size:cover;--awb-width-large:60%;--awb-margin-top-large:0px;--awb-spacing-right-large:0px;--awb-margin-bottom-large:0px;--awb-spacing-left-large:0px;--awb-width-medium:60%;--awb-spacing-right-medium:0px;--awb-spacing-left-medium:0px;--awb-width-small:100%;--awb-spacing-right-small:0px;--awb-spacing-left-small:0px;\"><div class=\"fusion-column-wrapper fusion-flex-justify-content-flex-start fusion-content-layout-column\"><div class=\"fusion-title title fusion-title-3 fusion-sep-none fusion-title-text fusion-title-size-two\" style=\"--awb-margin-bottom:10px;--awb-margin-top-small:10px;--awb-margin-right-small:0px;--awb-margin-bottom-small:10px;--awb-margin-left-small:0px;\"><h2 class=\"fusion-title-heading title-heading-left\" style=\"margin:0;\">Especialidades.<\/h2><\/div><div class=\"fusion-title title fusion-title-4 fusion-sep-none fusion-title-text fusion-title-size-six\" style=\"--awb-margin-top-small:10px;--awb-margin-right-small:0px;--awb-margin-bottom-small:10px;--awb-margin-left-small:0px;\"><h6 class=\"fusion-title-heading title-heading-left\" style=\"font-family:var(--awb-typography4-font-family);font-weight:var(--awb-typography4-font-weight);font-style:var(--awb-typography4-font-style);margin:0;letter-spacing:1px;\"><p style=\"text-align: justify; \">\n<ul>\n<li>Experto certificado en aplicaciones (Six Sigma), JUSE <\/li>\n<li>M\u00e1ster Instructor de por vida, QualTec Quality Institute. <\/li>\n<li>Gran Maestro Black Belt de Lean Six Sigma, Instituto Harrington; NPP; IQF. <\/li>\n<li>Auditor L\u00edder ISO 9000, ASQ; B\u00fasqueda; \u00c1guila.<\/li>\n<li>Consejero\/Asesor de calidad TQM, Crosby Quality College.<\/li>\n<li>Consultor de gesti\u00f3n certificado, CMC<\/li>\n<\/ul><\/h6><\/div><div class=\"fusion-separator fusion-full-width-sep\" style=\"align-self: center;margin-left: auto;margin-right: auto;margin-top:30px;width:100%;\"><\/div><div style=\"text-align:left;\"><a class=\"fusion-button button-flat fusion-button-default-size button-default fusion-button-default button-2 fusion-button-default-span fusion-button-default-type next-button\" target=\"_self\" href=\"https:\/\/imsprofessionals.com\/es\/contact\/\"><i class=\"resume-chevron-down awb-button__icon awb-button__icon--default button-icon-left\" aria-hidden=\"true\"><\/i><span class=\"fusion-button-text awb-button__text awb-button__text--default\">Contacto<\/span><\/a><\/div><\/div><\/div><\/div><\/div><\/div><\/p>","protected":false},"excerpt":{"rendered":"","protected":false},"author":2,"featured_media":0,"parent":0,"menu_order":0,"comment_status":"closed","ping_status":"closed","template":"100-width.php","meta":{"_coblocks_attr":"","_coblocks_dimensions":"","_coblocks_responsive_height":"","_coblocks_accordion_ie_support":"","footnotes":""},"class_list":["post-2775","page","type-page","status-publish","hentry"],"_links":{"self":[{"href":"https:\/\/imsprofessionals.com\/es\/wp-json\/wp\/v2\/pages\/2775","targetHints":{"allow":["GET"]}}],"collection":[{"href":"https:\/\/imsprofessionals.com\/es\/wp-json\/wp\/v2\/pages"}],"about":[{"href":"https:\/\/imsprofessionals.com\/es\/wp-json\/wp\/v2\/types\/page"}],"author":[{"embeddable":true,"href":"https:\/\/imsprofessionals.com\/es\/wp-json\/wp\/v2\/users\/2"}],"replies":[{"embeddable":true,"href":"https:\/\/imsprofessionals.com\/es\/wp-json\/wp\/v2\/comments?post=2775"}],"version-history":[{"count":2,"href":"https:\/\/imsprofessionals.com\/es\/wp-json\/wp\/v2\/pages\/2775\/revisions"}],"predecessor-version":[{"id":2779,"href":"https:\/\/imsprofessionals.com\/es\/wp-json\/wp\/v2\/pages\/2775\/revisions\/2779"}],"wp:attachment":[{"href":"https:\/\/imsprofessionals.com\/es\/wp-json\/wp\/v2\/media?parent=2775"}],"curies":[{"name":"wp","href":"https:\/\/api.w.org\/{rel}","templated":true}]}}