{"id":2580,"date":"2023-06-19T20:30:47","date_gmt":"2023-06-19T20:30:47","guid":{"rendered":"https:\/\/imsprofessionals.com\/?page_id=2580"},"modified":"2025-05-12T00:31:40","modified_gmt":"2025-05-12T00:31:40","slug":"one-stop-shop","status":"publish","type":"page","link":"https:\/\/imsprofessionals.com\/es\/one-stop-shop\/","title":{"rendered":"Ventanilla \u00fanica"},"content":{"rendered":"<p><div class=\"fusion-fullwidth fullwidth-box fusion-builder-row-1 fusion-flex-container nonhundred-percent-fullwidth non-hundred-percent-height-scrolling\" style=\"--awb-border-radius-top-left:0px;--awb-border-radius-top-right:0px;--awb-border-radius-bottom-right:0px;--awb-border-radius-bottom-left:0px;--awb-padding-top:48px;--awb-padding-bottom:60px;--awb-padding-top-medium:36px;--awb-padding-bottom-medium:42px;--awb-padding-top-small:12px;--awb-padding-bottom-small:40px;--awb-flex-wrap:wrap;\" ><div class=\"fusion-builder-row fusion-row fusion-flex-align-items-flex-start fusion-flex-justify-content-center fusion-flex-content-wrap\" style=\"max-width:1248px;margin-left: calc(-4% \/ 2 );margin-right: calc(-4% \/ 2 );\"><div class=\"fusion-layout-column fusion_builder_column fusion-builder-column-0 fusion_builder_column_1_1 1_1 fusion-flex-column fusion-animated\" style=\"--awb-bg-size:cover;--awb-width-large:100%;--awb-margin-top-large:10px;--awb-spacing-right-large:1.92%;--awb-margin-bottom-large:52px;--awb-spacing-left-large:1.92%;--awb-width-medium:80%;--awb-spacing-right-medium:2.4%;--awb-margin-bottom-medium:48px;--awb-spacing-left-medium:2.4%;--awb-width-small:100%;--awb-spacing-right-small:1.92%;--awb-margin-bottom-small:32px;--awb-spacing-left-small:1.92%;\" data-animationtype=\"fadeInDown\" data-animationduration=\"1.6\" data-animationoffset=\"top-into-view\"><div class=\"fusion-column-wrapper fusion-column-has-shadow fusion-flex-justify-content-flex-start fusion-content-layout-column\"><div class=\"fusion-title title fusion-title-1 fusion-sep-none fusion-title-center fusion-title-text fusion-title-size-four\" style=\"--awb-margin-top-small:10px;--awb-margin-right-small:0px;--awb-margin-bottom-small:10px;--awb-margin-left-small:0px;\"><h4 class=\"fusion-title-heading title-heading-center\" style=\"margin:0;\">Una ventanilla \u00fanica exitosa para la gesti\u00f3n de la innovaci\u00f3n requiere tres cosas. Hacer de la innovaci\u00f3n una prioridad. Comprometiendo inversi\u00f3n y talento en ello. Y estar preparados para transformar la inversi\u00f3n en resultados. Entonces, \u00bfc\u00f3mo les va a las empresas m\u00e1s innovadoras?<\/h4><\/div><\/div><\/div><div class=\"fusion-layout-column fusion_builder_column fusion-builder-column-1 fusion_builder_column_1_1 1_1 fusion-flex-column\" style=\"--awb-bg-size:cover;--awb-width-large:100%;--awb-margin-top-large:0px;--awb-spacing-right-large:1.92%;--awb-margin-bottom-large:20px;--awb-spacing-left-large:1.92%;--awb-width-medium:100%;--awb-order-medium:0;--awb-spacing-right-medium:1.92%;--awb-spacing-left-medium:1.92%;--awb-width-small:100%;--awb-order-small:0;--awb-spacing-right-small:1.92%;--awb-spacing-left-small:1.92%;\"><div class=\"fusion-column-wrapper fusion-column-has-shadow fusion-flex-justify-content-flex-start fusion-content-layout-column\"><div class=\"fusion-image-element\" style=\"--awb-caption-title-font-family:var(--h2_typography-font-family);--awb-caption-title-font-weight:var(--h2_typography-font-weight);--awb-caption-title-font-style:var(--h2_typography-font-style);--awb-caption-title-size:var(--h2_typography-font-size);--awb-caption-title-transform:var(--h2_typography-text-transform);--awb-caption-title-line-height:var(--h2_typography-line-height);--awb-caption-title-letter-spacing:var(--h2_typography-letter-spacing);\"><span class=\"fusion-imageframe imageframe-none imageframe-1 hover-type-none\"><img decoding=\"async\" width=\"2560\" height=\"1400\" title=\"sobre-equipo-introducci\u00f3n-escala-1\" src=\"https:\/\/imsprofessionals.com\/wp-content\/uploads\/2023\/06\/about-team-intro-scaled-1.jpg\" data-orig-src=\"https:\/\/imsprofessionals.com\/wp-content\/uploads\/2023\/06\/about-team-intro-scaled-1.jpg\" alt class=\"lazyload img-responsive wp-image-2581\" srcset=\"data:image\/svg+xml,%3Csvg%20xmlns%3D%27http%3A%2F%2Fwww.w3.org%2F2000%2Fsvg%27%20width%3D%272560%27%20height%3D%271400%27%20viewBox%3D%270%200%202560%201400%27%3E%3Crect%20width%3D%272560%27%20height%3D%271400%27%20fill-opacity%3D%220%22%2F%3E%3C%2Fsvg%3E\" data-srcset=\"https:\/\/imsprofessionals.com\/wp-content\/uploads\/2023\/06\/about-team-intro-scaled-1-200x109.jpg 200w, https:\/\/imsprofessionals.com\/wp-content\/uploads\/2023\/06\/about-team-intro-scaled-1-400x219.jpg 400w, https:\/\/imsprofessionals.com\/wp-content\/uploads\/2023\/06\/about-team-intro-scaled-1-600x328.jpg 600w, https:\/\/imsprofessionals.com\/wp-content\/uploads\/2023\/06\/about-team-intro-scaled-1-800x438.jpg 800w, https:\/\/imsprofessionals.com\/wp-content\/uploads\/2023\/06\/about-team-intro-scaled-1-1200x656.jpg 1200w, https:\/\/imsprofessionals.com\/wp-content\/uploads\/2023\/06\/about-team-intro-scaled-1.jpg 2560w\" data-sizes=\"auto\" data-orig-sizes=\"(max-width: 700px) 100vw, 1200px\" \/><\/span><\/div><\/div><\/div><\/div><\/div><div class=\"fusion-fullwidth fullwidth-box fusion-builder-row-2 fusion-flex-container nonhundred-percent-fullwidth non-hundred-percent-height-scrolling\" style=\"--awb-border-radius-top-left:0px;--awb-border-radius-top-right:0px;--awb-border-radius-bottom-right:0px;--awb-border-radius-bottom-left:0px;--awb-padding-top:4%;--awb-padding-bottom:4%;--awb-padding-top-medium:10px;--awb-padding-bottom-medium:24px;--awb-padding-top-small:0px;--awb-padding-bottom-small:40px;--awb-flex-wrap:wrap;\" ><div class=\"fusion-builder-row fusion-row fusion-flex-align-items-center fusion-flex-content-wrap\" style=\"max-width:1248px;margin-left: calc(-4% \/ 2 );margin-right: calc(-4% \/ 2 );\"><div class=\"fusion-layout-column fusion_builder_column fusion-builder-column-2 fusion_builder_column_1_2 1_2 fusion-flex-column fusion-animated\" style=\"--awb-bg-size:cover;--awb-width-large:50%;--awb-margin-top-large:0px;--awb-spacing-right-large:15.36%;--awb-margin-bottom-large:20px;--awb-spacing-left-large:15.36%;--awb-width-medium:50%;--awb-spacing-right-medium:5.76%;--awb-spacing-left-medium:5.76%;--awb-width-small:100%;--awb-spacing-right-small:1.92%;--awb-margin-bottom-small:30px;--awb-spacing-left-small:1.92%;\" data-animationtype=\"fadeInLeft\" data-animationduration=\"1.6\" data-animationoffset=\"top-into-view\"><div class=\"fusion-column-wrapper fusion-column-has-shadow fusion-flex-justify-content-flex-start fusion-content-layout-column\"><div class=\"fusion-title title fusion-title-2 fusion-sep-none fusion-title-text fusion-title-size-two\" style=\"--awb-margin-top:6px;--awb-margin-top-small:10px;--awb-margin-right-small:0px;--awb-margin-bottom-small:10px;--awb-margin-left-small:0px;\"><h2 class=\"fusion-title-heading title-heading-left\" style=\"margin:0;\">Ventanilla \u00fanica<\/h2><\/div><div class=\"fusion-text fusion-text-1\" style=\"--awb-content-alignment:left;--awb-font-size:14px;--awb-line-height:1.48em;--awb-letter-spacing:-0.01em;\"><p style=\"text-align: justify;\">La gesti\u00f3n de la innovaci\u00f3n no es un puente tambaleante. Sin embargo, hay un art\u00edculo titulado <b>\u201cEl puente tambaleante de Londres: aprendiendo del fracaso\u201d<\/b> que considera las formas en que gran parte del progreso en ciencia, ingenier\u00eda e innovaci\u00f3n se basa en el fracaso. Es por los riesgos y las incertidumbres que hay tanto fracaso en la innovaci\u00f3n; sin embargo, las fallas brindan oportunidades valiosas para mejoras futuras<\/p>\n<p style=\"text-align: justify;\">La gesti\u00f3n de la innovaci\u00f3n es el proceso de gesti\u00f3n de la innovaci\u00f3n desde la idea inicial hasta su implementaci\u00f3n y comercializaci\u00f3n. Implica crear una cultura de innovaci\u00f3n dentro de una organizaci\u00f3n que fomente y apoye el desarrollo de nuevas ideas. El proceso incluye la ideaci\u00f3n, la selecci\u00f3n, el desarrollo, las pruebas y el lanzamiento. La gesti\u00f3n de la innovaci\u00f3n tiene como objetivo impulsar un proceso o cultura de innovaci\u00f3n sostenible dentro de una organizaci\u00f3n. Se trata de generar nuevas ideas mediante la lluvia de ideas y el intercambio de ideas. El objetivo de la gesti\u00f3n de la innovaci\u00f3n es sacar a relucir un producto o servicio que no es como el existente en el mercado, o mejorar un producto o servicio existente.<\/p>\n<\/div><\/div><\/div><div class=\"fusion-layout-column fusion_builder_column fusion-builder-column-3 fusion_builder_column_1_2 1_2 fusion-flex-column\" style=\"--awb-bg-size:cover;--awb-width-large:50%;--awb-margin-top-large:0px;--awb-spacing-right-large:7.68%;--awb-margin-bottom-large:20px;--awb-spacing-left-large:3.84%;--awb-width-medium:50%;--awb-order-medium:0;--awb-spacing-right-medium:7.68%;--awb-spacing-left-medium:3.84%;--awb-width-small:100%;--awb-order-small:0;--awb-spacing-right-small:1.92%;--awb-spacing-left-small:1.92%;\"><div class=\"fusion-column-wrapper fusion-column-has-shadow fusion-flex-justify-content-flex-start fusion-content-layout-column\"><div class=\"fusion-image-element\" style=\"--awb-caption-title-font-family:var(--h2_typography-font-family);--awb-caption-title-font-weight:var(--h2_typography-font-weight);--awb-caption-title-font-style:var(--h2_typography-font-style);--awb-caption-title-size:var(--h2_typography-font-size);--awb-caption-title-transform:var(--h2_typography-text-transform);--awb-caption-title-line-height:var(--h2_typography-line-height);--awb-caption-title-letter-spacing:var(--h2_typography-letter-spacing);\"><span class=\"fusion-imageframe imageframe-none imageframe-2 hover-type-none\"><img decoding=\"async\" width=\"1214\" height=\"1366\" title=\"quienes somos\" src=\"https:\/\/imsprofessionals.com\/wp-content\/uploads\/2023\/06\/who-we-are.jpg\" data-orig-src=\"https:\/\/imsprofessionals.com\/wp-content\/uploads\/2023\/06\/who-we-are.jpg\" alt class=\"lazyload img-responsive wp-image-2582\" srcset=\"data:image\/svg+xml,%3Csvg%20xmlns%3D%27http%3A%2F%2Fwww.w3.org%2F2000%2Fsvg%27%20width%3D%271214%27%20height%3D%271366%27%20viewBox%3D%270%200%201214%201366%27%3E%3Crect%20width%3D%271214%27%20height%3D%271366%27%20fill-opacity%3D%220%22%2F%3E%3C%2Fsvg%3E\" data-srcset=\"https:\/\/imsprofessionals.com\/wp-content\/uploads\/2023\/06\/who-we-are-200x225.jpg 200w, https:\/\/imsprofessionals.com\/wp-content\/uploads\/2023\/06\/who-we-are-400x450.jpg 400w, https:\/\/imsprofessionals.com\/wp-content\/uploads\/2023\/06\/who-we-are-600x675.jpg 600w, https:\/\/imsprofessionals.com\/wp-content\/uploads\/2023\/06\/who-we-are-800x900.jpg 800w, https:\/\/imsprofessionals.com\/wp-content\/uploads\/2023\/06\/who-we-are-1200x1350.jpg 1200w, https:\/\/imsprofessionals.com\/wp-content\/uploads\/2023\/06\/who-we-are.jpg 1214w\" data-sizes=\"auto\" data-orig-sizes=\"(max-width: 700px) 100vw, 600px\" \/><\/span><\/div><\/div><\/div><\/div><\/div><div class=\"fusion-fullwidth fullwidth-box fusion-builder-row-3 fusion-flex-container nonhundred-percent-fullwidth non-hundred-percent-height-scrolling\" style=\"--awb-border-radius-top-left:0px;--awb-border-radius-top-right:0px;--awb-border-radius-bottom-right:0px;--awb-border-radius-bottom-left:0px;--awb-padding-top:6%;--awb-padding-bottom:5%;--awb-padding-top-medium:72px;--awb-padding-right-medium:24px;--awb-padding-bottom-medium:60px;--awb-padding-left-medium:24px;--awb-background-image:linear-gradient(208deg, var(--awb-color2) 0%,var(--awb-color1) 100%);--awb-flex-wrap:wrap;\" ><div class=\"fusion-builder-row fusion-row fusion-flex-align-items-center fusion-flex-justify-content-center fusion-flex-content-wrap\" style=\"max-width:1248px;margin-left: calc(-4% \/ 2 );margin-right: calc(-4% \/ 2 );\"><div class=\"fusion-layout-column fusion_builder_column fusion-builder-column-4 fusion_builder_column_1_2 1_2 fusion-flex-column fusion-animated\" style=\"--awb-bg-size:cover;--awb-width-large:50%;--awb-margin-top-large:0px;--awb-spacing-right-large:3.84%;--awb-margin-bottom-large:20px;--awb-spacing-left-large:3.84%;--awb-width-medium:50%;--awb-order-medium:0;--awb-spacing-right-medium:5.76%;--awb-spacing-left-medium:5.76%;--awb-width-small:100%;--awb-order-small:1;--awb-spacing-right-small:1.92%;--awb-spacing-left-small:1.92%;\" data-animationtype=\"fadeInRight\" data-animationduration=\"1.6\" data-animationoffset=\"top-into-view\"><div class=\"fusion-column-wrapper fusion-column-has-shadow fusion-flex-justify-content-center fusion-content-layout-column\"><div class=\"fusion-image-element\" style=\"--awb-caption-title-font-family:var(--h2_typography-font-family);--awb-caption-title-font-weight:var(--h2_typography-font-weight);--awb-caption-title-font-style:var(--h2_typography-font-style);--awb-caption-title-size:var(--h2_typography-font-size);--awb-caption-title-transform:var(--h2_typography-text-transform);--awb-caption-title-line-height:var(--h2_typography-line-height);--awb-caption-title-letter-spacing:var(--h2_typography-letter-spacing);\"><span class=\"fusion-imageframe imageframe-none imageframe-3 hover-type-none\"><img decoding=\"async\" width=\"2536\" height=\"2320\" title=\"potenciamos-nuestros-clientes\" src=\"https:\/\/imsprofessionals.com\/wp-content\/uploads\/2023\/06\/we-boost-our-clients.jpg\" data-orig-src=\"https:\/\/imsprofessionals.com\/wp-content\/uploads\/2023\/06\/we-boost-our-clients.jpg\" alt class=\"lazyload img-responsive wp-image-2583\" srcset=\"data:image\/svg+xml,%3Csvg%20xmlns%3D%27http%3A%2F%2Fwww.w3.org%2F2000%2Fsvg%27%20width%3D%272536%27%20height%3D%272320%27%20viewBox%3D%270%200%202536%202320%27%3E%3Crect%20width%3D%272536%27%20height%3D%272320%27%20fill-opacity%3D%220%22%2F%3E%3C%2Fsvg%3E\" data-srcset=\"https:\/\/imsprofessionals.com\/wp-content\/uploads\/2023\/06\/we-boost-our-clients-200x183.jpg 200w, https:\/\/imsprofessionals.com\/wp-content\/uploads\/2023\/06\/we-boost-our-clients-400x366.jpg 400w, https:\/\/imsprofessionals.com\/wp-content\/uploads\/2023\/06\/we-boost-our-clients-600x549.jpg 600w, https:\/\/imsprofessionals.com\/wp-content\/uploads\/2023\/06\/we-boost-our-clients-800x732.jpg 800w, https:\/\/imsprofessionals.com\/wp-content\/uploads\/2023\/06\/we-boost-our-clients-1200x1098.jpg 1200w, https:\/\/imsprofessionals.com\/wp-content\/uploads\/2023\/06\/we-boost-our-clients.jpg 2536w\" data-sizes=\"auto\" data-orig-sizes=\"(max-width: 700px) 100vw, 600px\" \/><\/span><\/div><\/div><\/div><div class=\"fusion-layout-column fusion_builder_column fusion-builder-column-5 fusion_builder_column_1_2 1_2 fusion-flex-column fusion-animated\" style=\"--awb-bg-size:cover;--awb-width-large:50%;--awb-margin-top-large:0px;--awb-spacing-right-large:15.36%;--awb-margin-bottom-large:20px;--awb-spacing-left-large:15.36%;--awb-width-medium:50%;--awb-spacing-right-medium:5.76%;--awb-spacing-left-medium:5.76%;--awb-width-small:100%;--awb-spacing-right-small:1.92%;--awb-margin-bottom-small:30px;--awb-spacing-left-small:1.92%;\" data-animationtype=\"fadeInLeft\" data-animationduration=\"1.6\" data-animationoffset=\"top-into-view\"><div class=\"fusion-column-wrapper fusion-column-has-shadow fusion-flex-justify-content-flex-start fusion-content-layout-column\"><div class=\"fusion-title title fusion-title-3 fusion-sep-none fusion-title-text fusion-title-size-three\" style=\"--awb-margin-top:6px;--awb-margin-top-small:10px;--awb-margin-right-small:0px;--awb-margin-bottom-small:10px;--awb-margin-left-small:0px;\"><h3 class=\"fusion-title-heading title-heading-left\" style=\"margin:0;\">#1 Problema de innovaci\u00f3n: Sin ecosistema de innovaci\u00f3n<\/h3><\/div><div class=\"fusion-text fusion-text-2\" style=\"--awb-content-alignment:left;--awb-font-size:20px;--awb-line-height:1.48em;--awb-letter-spacing:-0.01em;\"><p style=\"text-align: justify;\">Los profesionales de los sistemas de gesti\u00f3n de la innovaci\u00f3n se tratan de nuevos conceptos, muchos de los cuales a menudo surgen a trav\u00e9s del intercambio de ideas y conocimientos entre diferentes equipos. En consecuencia, una cultura impulsada por silos es un gran desaf\u00edo de innovaci\u00f3n empresarial. Despu\u00e9s de todo, una empresa que no puede cooperar entre s\u00ed no puede compartir nuevas ideas.<\/p>\n<p style=\"text-align: justify;\">Expresado de otra manera: cuando todos los equipos est\u00e1n aislados, o peor, empujados a competir internamente, se centrar\u00e1n en muchos de los problemas anteriores: perseguir sus propios KPI, garantizar un alto rendimiento para verse bien para la junta y, en \u00faltima instancia, no traer nada potencialmente controvertido. , nuevos o arriesgados a la mesa.<\/p>\n<\/div><\/div><\/div><\/div><\/div><div class=\"fusion-fullwidth fullwidth-box fusion-builder-row-4 fusion-flex-container nonhundred-percent-fullwidth non-hundred-percent-height-scrolling\" style=\"--awb-border-radius-top-left:0px;--awb-border-radius-top-right:0px;--awb-border-radius-bottom-right:0px;--awb-border-radius-bottom-left:0px;--awb-padding-top:6%;--awb-padding-bottom:6%;--awb-padding-top-medium:72px;--awb-flex-wrap:wrap;\" ><div class=\"fusion-builder-row fusion-row fusion-flex-align-items-flex-start fusion-flex-content-wrap\" style=\"max-width:1248px;margin-left: calc(-4% \/ 2 );margin-right: calc(-4% \/ 2 );\"><div class=\"fusion-layout-column fusion_builder_column fusion-builder-column-6 fusion_builder_column_2_3 2_3 fusion-flex-column fusion-animated\" style=\"--awb-bg-size:cover;--awb-width-large:66.666666666667%;--awb-margin-top-large:0px;--awb-spacing-right-large:2.88%;--awb-margin-bottom-large:5%;--awb-spacing-left-large:2.88%;--awb-width-medium:100%;--awb-spacing-right-medium:1.92%;--awb-margin-bottom-medium:30px;--awb-spacing-left-medium:1.92%;--awb-width-small:100%;--awb-spacing-right-small:1.92%;--awb-margin-bottom-small:0px;--awb-spacing-left-small:1.92%;\" data-animationtype=\"fadeInLeft\" data-animationduration=\"1.6\" data-animationoffset=\"top-into-view\"><div class=\"fusion-column-wrapper fusion-column-has-shadow fusion-flex-justify-content-flex-start fusion-content-layout-column\"><div class=\"fusion-title title fusion-title-4 fusion-sep-none fusion-title-text fusion-title-size-two\" style=\"--awb-margin-top:6px;--awb-margin-top-small:10px;--awb-margin-right-small:0px;--awb-margin-bottom-small:10px;--awb-margin-left-small:0px;\"><h2 class=\"fusion-title-heading title-heading-left\" style=\"margin:0;\">Ventaja de ventanilla \u00fanica<\/h2><\/div><\/div><\/div><div class=\"fusion-layout-column fusion_builder_column fusion-builder-column-7 fusion_builder_column_1_3 1_3 fusion-flex-column fusion-no-small-visibility fusion-no-medium-visibility\" style=\"--awb-bg-size:cover;--awb-width-large:33.333333333333%;--awb-margin-top-large:0px;--awb-spacing-right-large:5.76%;--awb-margin-bottom-large:20px;--awb-spacing-left-large:5.76%;--awb-width-medium:33.333333333333%;--awb-order-medium:0;--awb-spacing-right-medium:5.76%;--awb-spacing-left-medium:5.76%;--awb-width-small:100%;--awb-order-small:0;--awb-spacing-right-small:1.92%;--awb-spacing-left-small:1.92%;\"><div class=\"fusion-column-wrapper fusion-column-has-shadow fusion-flex-justify-content-flex-start fusion-content-layout-column\"><\/div><\/div><div class=\"fusion-layout-column fusion_builder_column fusion-builder-column-8 fusion_builder_column_1_2 1_2 fusion-flex-column fusion-animated\" style=\"--awb-bg-size:cover;--awb-width-large:50%;--awb-margin-top-large:0px;--awb-spacing-right-large:3.84%;--awb-margin-bottom-large:20px;--awb-spacing-left-large:3.84%;--awb-width-medium:50%;--awb-order-medium:0;--awb-spacing-right-medium:3.84%;--awb-spacing-left-medium:3.84%;--awb-width-small:100%;--awb-order-small:1;--awb-margin-top-small:30px;--awb-spacing-right-small:1.92%;--awb-spacing-left-small:1.92%;\" data-animationtype=\"fadeInRight\" data-animationduration=\"1.6\" data-animationoffset=\"top-into-view\"><div class=\"fusion-column-wrapper fusion-column-has-shadow fusion-flex-justify-content-flex-start fusion-content-layout-column\"><div class=\"fusion-image-element\" style=\"--awb-caption-title-font-family:var(--h2_typography-font-family);--awb-caption-title-font-weight:var(--h2_typography-font-weight);--awb-caption-title-font-style:var(--h2_typography-font-style);--awb-caption-title-size:var(--h2_typography-font-size);--awb-caption-title-transform:var(--h2_typography-text-transform);--awb-caption-title-line-height:var(--h2_typography-line-height);--awb-caption-title-letter-spacing:var(--h2_typography-letter-spacing);\"><span class=\"fusion-imageframe imageframe-none imageframe-4 hover-type-none\"><img decoding=\"async\" width=\"1761\" height=\"2028\" title=\"marketing-consulting-hero-revisi\u00f3n\" src=\"https:\/\/imsprofessionals.com\/wp-content\/uploads\/2023\/06\/marketing-consulting-hero-review.jpg\" data-orig-src=\"https:\/\/imsprofessionals.com\/wp-content\/uploads\/2023\/06\/marketing-consulting-hero-review.jpg\" alt class=\"lazyload img-responsive wp-image-2588\" srcset=\"data:image\/svg+xml,%3Csvg%20xmlns%3D%27http%3A%2F%2Fwww.w3.org%2F2000%2Fsvg%27%20width%3D%271761%27%20height%3D%272028%27%20viewBox%3D%270%200%201761%202028%27%3E%3Crect%20width%3D%271761%27%20height%3D%272028%27%20fill-opacity%3D%220%22%2F%3E%3C%2Fsvg%3E\" data-srcset=\"https:\/\/imsprofessionals.com\/wp-content\/uploads\/2023\/06\/marketing-consulting-hero-review-200x230.jpg 200w, https:\/\/imsprofessionals.com\/wp-content\/uploads\/2023\/06\/marketing-consulting-hero-review-400x461.jpg 400w, https:\/\/imsprofessionals.com\/wp-content\/uploads\/2023\/06\/marketing-consulting-hero-review-600x691.jpg 600w, https:\/\/imsprofessionals.com\/wp-content\/uploads\/2023\/06\/marketing-consulting-hero-review-800x921.jpg 800w, https:\/\/imsprofessionals.com\/wp-content\/uploads\/2023\/06\/marketing-consulting-hero-review-1200x1382.jpg 1200w, https:\/\/imsprofessionals.com\/wp-content\/uploads\/2023\/06\/marketing-consulting-hero-review.jpg 1761w\" data-sizes=\"auto\" data-orig-sizes=\"(max-width: 700px) 100vw, 600px\" \/><\/span><\/div><\/div><\/div><div class=\"fusion-layout-column fusion_builder_column fusion-builder-column-9 fusion_builder_column_1_2 1_2 fusion-flex-column fusion-animated\" style=\"--awb-bg-size:cover;--awb-width-large:50%;--awb-margin-top-large:0px;--awb-spacing-right-large:3.84%;--awb-margin-bottom-large:20px;--awb-spacing-left-large:15.36%;--awb-width-medium:50%;--awb-spacing-right-medium:7.68%;--awb-spacing-left-medium:7.68%;--awb-width-small:100%;--awb-order-small:0;--awb-spacing-right-small:1.92%;--awb-spacing-left-small:1.92%;\" data-animationtype=\"fadeInLeft\" data-animationduration=\"1.6\" data-animationoffset=\"top-into-view\"><div class=\"fusion-column-wrapper fusion-column-has-shadow fusion-flex-justify-content-flex-start fusion-content-layout-column\"><div class=\"fusion-text fusion-text-3\" style=\"--awb-content-alignment:left;\"><p style=\"text-align: justify;\">Hay muchas maneras de resolver los desaf\u00edos de innovaci\u00f3n antes mencionados, pero hay un tema claro en todo momento: la habilitaci\u00f3n. Cuando el liderazgo tiene miedo o no est\u00e1 dispuesto a invertir recursos y tiempo, niega una cultura de abajo hacia arriba donde las nuevas ideas pueden generarse, probarse y presentarse libremente.<\/p>\n<p style=\"text-align: justify;\">En opini\u00f3n de los expertos, el mayor problema es, como en muchos casos, la gesti\u00f3n de la empresa. Las personas en la cima deben ser l\u00edderes en innovaci\u00f3n para sus comunidades que puedan implementar el nuevo enfoque para el desaf\u00edo de la innovaci\u00f3n.<\/p>\n<p style=\"text-align: justify;\">Especialmente este a\u00f1o, en la era de la creciente importancia de la econom\u00eda digital debido a la pandemia de covid, las organizaciones deben aprender a desarrollar soluciones digitales innovadoras que las empoderar\u00e1n en este mundo que cambia r\u00e1pidamente. El desaf\u00edo es hacerlo de manera eficiente.<\/p>\n<p style=\"text-align: justify;\">La repetici\u00f3n y la complacencia son los enemigos de la innovaci\u00f3n. Estos cambios pueden llevar tiempo, pero todo comienza con una decisi\u00f3n desde arriba para retener algunos recursos y tiempo para resolver problemas nuevos, futuros o incluso inusuales.<\/p>\n<\/div><\/div><\/div><\/div><\/div><div class=\"fusion-fullwidth fullwidth-box fusion-builder-row-5 fusion-flex-container nonhundred-percent-fullwidth non-hundred-percent-height-scrolling\" style=\"--awb-border-radius-top-left:0px;--awb-border-radius-top-right:0px;--awb-border-radius-bottom-right:0px;--awb-border-radius-bottom-left:0px;--awb-padding-top:32px;--awb-padding-bottom:4%;--awb-padding-bottom-medium:48px;--awb-padding-top-small:0px;--awb-flex-wrap:wrap;\" ><div class=\"fusion-builder-row fusion-row fusion-flex-align-items-stretch fusion-flex-justify-content-center fusion-flex-content-wrap\" style=\"max-width:1248px;margin-left: calc(-4% \/ 2 );margin-right: calc(-4% \/ 2 );\"><div class=\"fusion-layout-column fusion_builder_column fusion-builder-column-10 fusion_builder_column_2_3 2_3 fusion-flex-column fusion-animated\" style=\"--awb-bg-size:cover;--awb-width-large:66.666666666667%;--awb-margin-top-large:0px;--awb-spacing-right-large:8.64%;--awb-margin-bottom-large:20px;--awb-spacing-left-large:8.64%;--awb-width-medium:80%;--awb-spacing-right-medium:30px;--awb-spacing-left-medium:30px;--awb-width-small:100%;--awb-spacing-right-small:1.92%;--awb-margin-bottom-small:10px;--awb-spacing-left-small:1.92%;\" data-animationtype=\"fadeInRight\" data-animationduration=\"1.6\" data-animationoffset=\"top-into-view\"><div class=\"fusion-column-wrapper fusion-column-has-shadow fusion-flex-justify-content-flex-start fusion-content-layout-column\"><\/div><\/div><\/div><\/div><\/p>","protected":false},"excerpt":{"rendered":"","protected":false},"author":2,"featured_media":0,"parent":0,"menu_order":0,"comment_status":"closed","ping_status":"closed","template":"100-width.php","meta":{"_coblocks_attr":"","_coblocks_dimensions":"","_coblocks_responsive_height":"","_coblocks_accordion_ie_support":"","footnotes":""},"class_list":["post-2580","page","type-page","status-publish","hentry"],"_links":{"self":[{"href":"https:\/\/imsprofessionals.com\/es\/wp-json\/wp\/v2\/pages\/2580","targetHints":{"allow":["GET"]}}],"collection":[{"href":"https:\/\/imsprofessionals.com\/es\/wp-json\/wp\/v2\/pages"}],"about":[{"href":"https:\/\/imsprofessionals.com\/es\/wp-json\/wp\/v2\/types\/page"}],"author":[{"embeddable":true,"href":"https:\/\/imsprofessionals.com\/es\/wp-json\/wp\/v2\/users\/2"}],"replies":[{"embeddable":true,"href":"https:\/\/imsprofessionals.com\/es\/wp-json\/wp\/v2\/comments?post=2580"}],"version-history":[{"count":3,"href":"https:\/\/imsprofessionals.com\/es\/wp-json\/wp\/v2\/pages\/2580\/revisions"}],"predecessor-version":[{"id":3568,"href":"https:\/\/imsprofessionals.com\/es\/wp-json\/wp\/v2\/pages\/2580\/revisions\/3568"}],"wp:attachment":[{"href":"https:\/\/imsprofessionals.com\/es\/wp-json\/wp\/v2\/media?parent=2580"}],"curies":[{"name":"wp","href":"https:\/\/api.w.org\/{rel}","templated":true}]}}